{"id":506,"date":"2025-05-02T18:00:06","date_gmt":"2025-05-02T16:00:06","guid":{"rendered":"https:\/\/polyverre.com\/index.php\/services\/"},"modified":"2025-05-15T13:54:45","modified_gmt":"2025-05-15T11:54:45","slug":"services","status":"publish","type":"page","link":"https:\/\/polyverre.com\/en\/services\/","title":{"rendered":"Services"},"content":{"rendered":"<div data-elementor-type=\"wp-post\" data-elementor-id=\"506\" class=\"elementor elementor-506\">\n\t\t\t\t<div class=\"elementor-element elementor-element-627553f e-flex e-con-boxed e-con e-parent\" data-id=\"627553f\" data-element_type=\"container\" data-settings=\"{&quot;background_background&quot;:&quot;classic&quot;}\">\n\t\t\t\t\t<div class=\"e-con-inner\">\n\t\t<div class=\"elementor-element elementor-element-422be9b e-con-full e-flex e-con e-child\" data-id=\"422be9b\" data-element_type=\"container\">\n\t\t\t\t<div class=\"elementor-element elementor-element-e4b4478 elementor-widget elementor-widget-heading\" data-id=\"e4b4478\" data-element_type=\"widget\" data-widget_type=\"heading.default\">\n\t\t\t\t<div class=\"elementor-widget-container\">\n\t\t\t\t\t<h1 class=\"elementor-heading-title elementor-size-default\">Our know-how<\/h1>\t\t\t\t<\/div>\n\t\t\t\t<\/div>\n\t\t\t\t<\/div>\n\t\t\t\t\t<\/div>\n\t\t\t\t<\/div>\n\t\t<div class=\"elementor-element elementor-element-577fc67 e-flex e-con-boxed e-con e-parent\" data-id=\"577fc67\" data-element_type=\"container\">\n\t\t\t\t\t<div class=\"e-con-inner\">\n\t\t<div class=\"elementor-element elementor-element-5ef6334 e-con-full e-flex e-con e-child\" data-id=\"5ef6334\" data-element_type=\"container\">\n\t\t\t\t<div class=\"elementor-element elementor-element-44c0609 elementor-widget elementor-widget-heading\" data-id=\"44c0609\" data-element_type=\"widget\" data-widget_type=\"heading.default\">\n\t\t\t\t<div class=\"elementor-widget-container\">\n\t\t\t\t\t<h5 class=\"elementor-heading-title elementor-size-default\">In brief...<\/h5>\t\t\t\t<\/div>\n\t\t\t\t<\/div>\n\t\t\t\t<div class=\"elementor-element elementor-element-7edcecc elementor-widget elementor-widget-image-box\" data-id=\"7edcecc\" data-element_type=\"widget\" data-widget_type=\"image-box.default\">\n\t\t\t\t<div class=\"elementor-widget-container\">\n\t\t\t\t\t<div class=\"elementor-image-box-wrapper\"><div class=\"elementor-image-box-content\"><h2 class=\"elementor-image-box-title\">A taste for perfection<\/h2><p class=\"elementor-image-box-description\">At Polyverre, we put our expertise at the service of high-end bottle finishing. Our 1,000 m\u00b2 workshop enables us to carry out every stage of glass processing with precision and care.<\/p><\/div><\/div>\t\t\t\t<\/div>\n\t\t\t\t<\/div>\n\t\t\t\t<\/div>\n\t\t<div class=\"elementor-element elementor-element-5aa1dd2 e-con-full e-flex e-con e-child\" data-id=\"5aa1dd2\" data-element_type=\"container\" data-settings=\"{&quot;background_background&quot;:&quot;classic&quot;}\">\n\t\t\t\t<div class=\"elementor-element elementor-element-c981b04 elementor-widget elementor-widget-spacer\" data-id=\"c981b04\" data-element_type=\"widget\" data-widget_type=\"spacer.default\">\n\t\t\t\t<div class=\"elementor-widget-container\">\n\t\t\t\t\t\t\t<div class=\"elementor-spacer\">\n\t\t\t<div class=\"elementor-spacer-inner\"><\/div>\n\t\t<\/div>\n\t\t\t\t\t\t<\/div>\n\t\t\t\t<\/div>\n\t\t\t\t<\/div>\n\t\t<div class=\"elementor-element elementor-element-2fca6f7 e-con-full e-flex e-con e-child\" data-id=\"2fca6f7\" data-element_type=\"container\" data-settings=\"{&quot;background_background&quot;:&quot;classic&quot;}\">\n\t\t\t\t<div class=\"elementor-element elementor-element-6bf9c91 elementor-widget elementor-widget-spacer\" data-id=\"6bf9c91\" data-element_type=\"widget\" data-widget_type=\"spacer.default\">\n\t\t\t\t<div class=\"elementor-widget-container\">\n\t\t\t\t\t\t\t<div class=\"elementor-spacer\">\n\t\t\t<div class=\"elementor-spacer-inner\"><\/div>\n\t\t<\/div>\n\t\t\t\t\t\t<\/div>\n\t\t\t\t<\/div>\n\t\t\t\t<\/div>\n\t\t\t\t\t<\/div>\n\t\t\t\t<\/div>\n\t\t<div class=\"elementor-element elementor-element-ad9132b e-flex e-con-boxed e-con e-parent\" data-id=\"ad9132b\" data-element_type=\"container\" data-settings=\"{&quot;background_background&quot;:&quot;classic&quot;}\">\n\t\t\t\t\t<div class=\"e-con-inner\">\n\t\t<div class=\"elementor-element elementor-element-b8387a7 e-con-full e-flex e-con e-child\" data-id=\"b8387a7\" data-element_type=\"container\">\n\t\t\t\t<div class=\"elementor-element elementor-element-6e0e5cf elementor-widget elementor-widget-heading\" data-id=\"6e0e5cf\" data-element_type=\"widget\" data-widget_type=\"heading.default\">\n\t\t\t\t<div class=\"elementor-widget-container\">\n\t\t\t\t\t<h5 class=\"elementor-heading-title elementor-size-default\">Our services<\/h5>\t\t\t\t<\/div>\n\t\t\t\t<\/div>\n\t\t\t\t<div class=\"elementor-element elementor-element-4569e92 elementor-widget elementor-widget-heading\" data-id=\"4569e92\" data-element_type=\"widget\" data-widget_type=\"heading.default\">\n\t\t\t\t<div class=\"elementor-widget-container\">\n\t\t\t\t\t<h2 class=\"elementor-heading-title elementor-size-default\">All for glass finishing<\/h2>\t\t\t\t<\/div>\n\t\t\t\t<\/div>\n\t\t<div class=\"elementor-element elementor-element-df3dbbe e-con-full e-flex e-con e-child\" data-id=\"df3dbbe\" data-element_type=\"container\">\n\t\t<div class=\"elementor-element elementor-element-2c74636 e-con-full e-flex e-con e-child\" data-id=\"2c74636\" data-element_type=\"container\">\n\t\t\t\t<div class=\"elementor-element elementor-element-a51b40a elementor-position-top elementor-widget elementor-widget-image-box\" data-id=\"a51b40a\" data-element_type=\"widget\" data-widget_type=\"image-box.default\">\n\t\t\t\t<div class=\"elementor-widget-container\">\n\t\t\t\t\t<div class=\"elementor-image-box-wrapper\"><figure class=\"elementor-image-box-img\"><img fetchpriority=\"high\" decoding=\"async\" width=\"1500\" height=\"1500\" src=\"https:\/\/polyverre.com\/wp-content\/uploads\/2025\/05\/TRONCON-CARRE.jpg\" class=\"attachment-full size-full wp-image-1231\" alt=\"\" srcset=\"https:\/\/polyverre.com\/wp-content\/uploads\/2025\/05\/TRONCON-CARRE.jpg 1500w, https:\/\/polyverre.com\/wp-content\/uploads\/2025\/05\/TRONCON-CARRE-300x300.jpg 300w, https:\/\/polyverre.com\/wp-content\/uploads\/2025\/05\/TRONCON-CARRE-1024x1024.jpg 1024w, https:\/\/polyverre.com\/wp-content\/uploads\/2025\/05\/TRONCON-CARRE-150x150.jpg 150w, https:\/\/polyverre.com\/wp-content\/uploads\/2025\/05\/TRONCON-CARRE-768x768.jpg 768w\" sizes=\"(max-width: 1500px) 100vw, 1500px\" \/><\/figure><div class=\"elementor-image-box-content\"><h4 class=\"elementor-image-box-title\">Cuting<\/h4><p class=\"elementor-image-box-description\">We ensure clean, precise cutting of glass according to your requirements, with particular attention paid to the regularity and mechanical strength of the parts.<\/p><\/div><\/div>\t\t\t\t<\/div>\n\t\t\t\t<\/div>\n\t\t\t\t<div class=\"elementor-element elementor-element-72ae45f elementor-widget-divider--view-line elementor-widget elementor-widget-divider\" data-id=\"72ae45f\" data-element_type=\"widget\" data-widget_type=\"divider.default\">\n\t\t\t\t<div class=\"elementor-widget-container\">\n\t\t\t\t\t\t\t<div class=\"elementor-divider\">\n\t\t\t<span class=\"elementor-divider-separator\">\n\t\t\t\t\t\t<\/span>\n\t\t<\/div>\n\t\t\t\t\t\t<\/div>\n\t\t\t\t<\/div>\n\t\t\t\t<div class=\"elementor-element elementor-element-f63c824 elementor-position-top elementor-widget elementor-widget-image-box\" data-id=\"f63c824\" data-element_type=\"widget\" data-widget_type=\"image-box.default\">\n\t\t\t\t<div class=\"elementor-widget-container\">\n\t\t\t\t\t<div class=\"elementor-image-box-wrapper\"><figure class=\"elementor-image-box-img\"><img decoding=\"async\" width=\"1500\" height=\"1500\" src=\"https:\/\/polyverre.com\/wp-content\/uploads\/2025\/05\/BUFFLE-CARRE.jpg\" class=\"attachment-full size-full wp-image-1227\" alt=\"\" srcset=\"https:\/\/polyverre.com\/wp-content\/uploads\/2025\/05\/BUFFLE-CARRE.jpg 1500w, https:\/\/polyverre.com\/wp-content\/uploads\/2025\/05\/BUFFLE-CARRE-300x300.jpg 300w, https:\/\/polyverre.com\/wp-content\/uploads\/2025\/05\/BUFFLE-CARRE-1024x1024.jpg 1024w, https:\/\/polyverre.com\/wp-content\/uploads\/2025\/05\/BUFFLE-CARRE-150x150.jpg 150w, https:\/\/polyverre.com\/wp-content\/uploads\/2025\/05\/BUFFLE-CARRE-768x768.jpg 768w\" sizes=\"(max-width: 1500px) 100vw, 1500px\" \/><\/figure><div class=\"elementor-image-box-content\"><h4 class=\"elementor-image-box-title\"> Buffing<\/h4><p class=\"elementor-image-box-description\">A final touch of brilliance, buffing polish produces a perfectly smooth, luminous surface, without altering the shape.  Alternatively, buffing can be used to remove decoration.<\/p><\/div><\/div>\t\t\t\t<\/div>\n\t\t\t\t<\/div>\n\t\t\t\t<\/div>\n\t\t<div class=\"elementor-element elementor-element-43a0a54 e-con-full e-flex e-con e-child\" data-id=\"43a0a54\" data-element_type=\"container\">\n\t\t\t\t<div class=\"elementor-element elementor-element-7375e30 elementor-position-top elementor-widget elementor-widget-image-box\" data-id=\"7375e30\" data-element_type=\"widget\" data-widget_type=\"image-box.default\">\n\t\t\t\t<div class=\"elementor-widget-container\">\n\t\t\t\t\t<div class=\"elementor-image-box-wrapper\"><figure class=\"elementor-image-box-img\"><img decoding=\"async\" width=\"1500\" height=\"1500\" src=\"https:\/\/polyverre.com\/wp-content\/uploads\/2025\/05\/POLISSAGE-CARRE.jpg\" class=\"attachment-1536x1536 size-1536x1536 wp-image-1230\" alt=\"\" srcset=\"https:\/\/polyverre.com\/wp-content\/uploads\/2025\/05\/POLISSAGE-CARRE.jpg 1500w, https:\/\/polyverre.com\/wp-content\/uploads\/2025\/05\/POLISSAGE-CARRE-300x300.jpg 300w, https:\/\/polyverre.com\/wp-content\/uploads\/2025\/05\/POLISSAGE-CARRE-1024x1024.jpg 1024w, https:\/\/polyverre.com\/wp-content\/uploads\/2025\/05\/POLISSAGE-CARRE-150x150.jpg 150w, https:\/\/polyverre.com\/wp-content\/uploads\/2025\/05\/POLISSAGE-CARRE-768x768.jpg 768w\" sizes=\"(max-width: 1500px) 100vw, 1500px\" \/><\/figure><div class=\"elementor-image-box-content\"><h4 class=\"elementor-image-box-title\">Trimming - polishing<\/h4><p class=\"elementor-image-box-description\">This meticulous work is designed to refine the shapes and reveal the brilliance of the glass. Our polishing combines traditional craftsmanship with high-quality rendering.<\/p><\/div><\/div>\t\t\t\t<\/div>\n\t\t\t\t<\/div>\n\t\t\t\t<div class=\"elementor-element elementor-element-7822b29 elementor-widget-divider--view-line elementor-widget elementor-widget-divider\" data-id=\"7822b29\" data-element_type=\"widget\" data-widget_type=\"divider.default\">\n\t\t\t\t<div class=\"elementor-widget-container\">\n\t\t\t\t\t\t\t<div class=\"elementor-divider\">\n\t\t\t<span class=\"elementor-divider-separator\">\n\t\t\t\t\t\t<\/span>\n\t\t<\/div>\n\t\t\t\t\t\t<\/div>\n\t\t\t\t<\/div>\n\t\t\t\t<div class=\"elementor-element elementor-element-3dfa249 elementor-position-top elementor-widget elementor-widget-image-box\" data-id=\"3dfa249\" data-element_type=\"widget\" data-widget_type=\"image-box.default\">\n\t\t\t\t<div class=\"elementor-widget-container\">\n\t\t\t\t\t<div class=\"elementor-image-box-wrapper\"><figure class=\"elementor-image-box-img\"><img loading=\"lazy\" decoding=\"async\" width=\"1500\" height=\"1500\" src=\"https:\/\/polyverre.com\/wp-content\/uploads\/2025\/05\/PERCAGE-CARRE.jpg\" class=\"attachment-full size-full wp-image-1228\" alt=\"\" srcset=\"https:\/\/polyverre.com\/wp-content\/uploads\/2025\/05\/PERCAGE-CARRE.jpg 1500w, https:\/\/polyverre.com\/wp-content\/uploads\/2025\/05\/PERCAGE-CARRE-300x300.jpg 300w, https:\/\/polyverre.com\/wp-content\/uploads\/2025\/05\/PERCAGE-CARRE-1024x1024.jpg 1024w\" sizes=\"(max-width: 1500px) 100vw, 1500px\" \/><\/figure><div class=\"elementor-image-box-content\"><h4 class=\"elementor-image-box-title\">Drilling \/ Honing<\/h4><p class=\"elementor-image-box-description\">We carry out drilling and adjustment (lapping) to integrate glass components or adapt parts to their final use.<\/p><\/div><\/div>\t\t\t\t<\/div>\n\t\t\t\t<\/div>\n\t\t\t\t<\/div>\n\t\t<div class=\"elementor-element elementor-element-70db6be e-flex e-con-boxed e-con e-child\" data-id=\"70db6be\" data-element_type=\"container\">\n\t\t\t\t\t<div class=\"e-con-inner\">\n\t\t\t\t<div class=\"elementor-element elementor-element-ad5b745 elementor-position-top elementor-widget elementor-widget-image-box\" data-id=\"ad5b745\" data-element_type=\"widget\" data-widget_type=\"image-box.default\">\n\t\t\t\t<div class=\"elementor-widget-container\">\n\t\t\t\t\t<div class=\"elementor-image-box-wrapper\"><figure class=\"elementor-image-box-img\"><img loading=\"lazy\" decoding=\"async\" width=\"1500\" height=\"1500\" src=\"https:\/\/polyverre.com\/wp-content\/uploads\/2025\/05\/PLASTEMERIE-CARRE.jpg\" class=\"attachment-full size-full wp-image-1229\" alt=\"\" srcset=\"https:\/\/polyverre.com\/wp-content\/uploads\/2025\/05\/PLASTEMERIE-CARRE.jpg 1500w, https:\/\/polyverre.com\/wp-content\/uploads\/2025\/05\/PLASTEMERIE-CARRE-300x300.jpg 300w, https:\/\/polyverre.com\/wp-content\/uploads\/2025\/05\/PLASTEMERIE-CARRE-1024x1024.jpg 1024w, https:\/\/polyverre.com\/wp-content\/uploads\/2025\/05\/PLASTEMERIE-CARRE-150x150.jpg 150w, https:\/\/polyverre.com\/wp-content\/uploads\/2025\/05\/PLASTEMERIE-CARRE-768x768.jpg 768w\" sizes=\"(max-width: 1500px) 100vw, 1500px\" \/><\/figure><div class=\"elementor-image-box-content\"><h4 class=\"elementor-image-box-title\">plastring \/ plastic coating<\/h4><p class=\"elementor-image-box-description\">Injection molding of a polymer part to facilitate the sealing of a glass closure.<\/p><\/div><\/div>\t\t\t\t<\/div>\n\t\t\t\t<\/div>\n\t\t\t\t<div class=\"elementor-element elementor-element-ffddfa4 elementor-widget-divider--view-line elementor-widget elementor-widget-divider\" data-id=\"ffddfa4\" data-element_type=\"widget\" data-widget_type=\"divider.default\">\n\t\t\t\t<div class=\"elementor-widget-container\">\n\t\t\t\t\t\t\t<div class=\"elementor-divider\">\n\t\t\t<span class=\"elementor-divider-separator\">\n\t\t\t\t\t\t<\/span>\n\t\t<\/div>\n\t\t\t\t\t\t<\/div>\n\t\t\t\t<\/div>\n\t\t\t\t\t<\/div>\n\t\t\t\t<\/div>\n\t\t\t\t<\/div>\n\t\t\t\t<\/div>\n\t\t\t\t\t<\/div>\n\t\t\t\t<\/div>\n\t\t<div class=\"elementor-element elementor-element-68cf37f e-flex e-con-boxed e-con e-parent\" data-id=\"68cf37f\" data-element_type=\"container\" data-settings=\"{&quot;background_background&quot;:&quot;classic&quot;}\">\n\t\t\t\t\t<div class=\"e-con-inner\">\n\t\t<div class=\"elementor-element elementor-element-9353f7b e-con-full e-flex e-con e-child\" data-id=\"9353f7b\" data-element_type=\"container\">\n\t\t\t\t<div class=\"elementor-element elementor-element-73542d1 elementor-widget elementor-widget-heading\" data-id=\"73542d1\" data-element_type=\"widget\" data-widget_type=\"heading.default\">\n\t\t\t\t<div class=\"elementor-widget-container\">\n\t\t\t\t\t<h3 class=\"elementor-heading-title elementor-size-default\">Want to learn more about POLYVERRE ?<\/h3>\t\t\t\t<\/div>\n\t\t\t\t<\/div>\n\t\t\t\t<\/div>\n\t\t<div class=\"elementor-element elementor-element-ae58809 e-con-full e-flex e-con e-child\" data-id=\"ae58809\" data-element_type=\"container\">\n\t\t\t\t<div class=\"elementor-element elementor-element-13a4e19 elementor-align-right elementor-mobile-align-center elementor-widget elementor-widget-button\" data-id=\"13a4e19\" data-element_type=\"widget\" data-widget_type=\"button.default\">\n\t\t\t\t<div class=\"elementor-widget-container\">\n\t\t\t\t\t\t\t\t\t<div class=\"elementor-button-wrapper\">\n\t\t\t\t\t<a class=\"elementor-button elementor-button-link elementor-size-sm\" href=\"https:\/\/polyverre.com\/en\/about\/\">\n\t\t\t\t\t\t<span class=\"elementor-button-content-wrapper\">\n\t\t\t\t\t\t\t\t\t<span class=\"elementor-button-text\">About<\/span>\n\t\t\t\t\t<\/span>\n\t\t\t\t\t<\/a>\n\t\t\t\t<\/div>\n\t\t\t\t\t\t\t\t<\/div>\n\t\t\t\t<\/div>\n\t\t\t\t<\/div>\n\t\t\t\t\t<\/div>\n\t\t\t\t<\/div>\n\t\t<div class=\"elementor-element elementor-element-594216b e-grid e-con-boxed e-con e-parent\" data-id=\"594216b\" data-element_type=\"container\">\n\t\t\t\t\t<div class=\"e-con-inner\">\n\t\t\t\t\t<\/div>\n\t\t\t\t<\/div>\n\t\t\t\t<\/div>","protected":false},"excerpt":{"rendered":"<p>Notre savoir-faire En r\u00e9sum\u00e9&#8230; Un go\u00fbt pour de la perfection Chez Polyverre, nous mettons notre expertise au service du parach\u00e8vement du flaconnage haut de gamme. Notre atelier de 1000 m\u00b2 permet de r\u00e9aliser chaque \u00e9tape du traitement du verre avec pr\u00e9cision et soin. Nos services Tout pour le verre Coupe &#8211; tron\u00e7onnage Nous assurons la [&hellip;]<\/p>","protected":false},"author":1,"featured_media":0,"parent":0,"menu_order":0,"comment_status":"closed","ping_status":"closed","template":"","meta":{"site-sidebar-layout":"no-sidebar","site-content-layout":"page-builder","ast-site-content-layout":"full-width-container","site-content-style":"unboxed","site-sidebar-style":"unboxed","ast-global-header-display":"","ast-banner-title-visibility":"","ast-main-header-display":"","ast-hfb-above-header-display":"","ast-hfb-below-header-display":"","ast-hfb-mobile-header-display":"","site-post-title":"disabled","ast-breadcrumbs-content":"","ast-featured-img":"disabled","footer-sml-layout":"","theme-transparent-header-meta":"enabled","adv-header-id-meta":"","stick-header-meta":"","header-above-stick-meta":"","header-main-stick-meta":"","header-below-stick-meta":"","astra-migrate-meta-layouts":"set","ast-page-background-enabled":"default","ast-page-background-meta":{"desktop":{"background-color":"","background-image":"","background-repeat":"repeat","background-position":"center center","background-size":"auto","background-attachment":"scroll","background-type":"","background-media":"","overlay-type":"","overlay-color":"","overlay-opacity":"","overlay-gradient":""},"tablet":{"background-color":"","background-image":"","background-repeat":"repeat","background-position":"center center","background-size":"auto","background-attachment":"scroll","background-type":"","background-media":"","overlay-type":"","overlay-color":"","overlay-opacity":"","overlay-gradient":""},"mobile":{"background-color":"","background-image":"","background-repeat":"repeat","background-position":"center center","background-size":"auto","background-attachment":"scroll","background-type":"","background-media":"","overlay-type":"","overlay-color":"","overlay-opacity":"","overlay-gradient":""}},"ast-content-background-meta":{"desktop":{"background-color":"var(--ast-global-color-5)","background-image":"","background-repeat":"repeat","background-position":"center center","background-size":"auto","background-attachment":"scroll","background-type":"","background-media":"","overlay-type":"","overlay-color":"","overlay-opacity":"","overlay-gradient":""},"tablet":{"background-color":"var(--ast-global-color-5)","background-image":"","background-repeat":"repeat","background-position":"center center","background-size":"auto","background-attachment":"scroll","background-type":"","background-media":"","overlay-type":"","overlay-color":"","overlay-opacity":"","overlay-gradient":""},"mobile":{"background-color":"var(--ast-global-color-5)","background-image":"","background-repeat":"repeat","background-position":"center center","background-size":"auto","background-attachment":"scroll","background-type":"","background-media":"","overlay-type":"","overlay-color":"","overlay-opacity":"","overlay-gradient":""}},"footnotes":""},"class_list":["post-506","page","type-page","status-publish","hentry"],"_links":{"self":[{"href":"https:\/\/polyverre.com\/en\/wp-json\/wp\/v2\/pages\/506","targetHints":{"allow":["GET"]}}],"collection":[{"href":"https:\/\/polyverre.com\/en\/wp-json\/wp\/v2\/pages"}],"about":[{"href":"https:\/\/polyverre.com\/en\/wp-json\/wp\/v2\/types\/page"}],"author":[{"embeddable":true,"href":"https:\/\/polyverre.com\/en\/wp-json\/wp\/v2\/users\/1"}],"replies":[{"embeddable":true,"href":"https:\/\/polyverre.com\/en\/wp-json\/wp\/v2\/comments?post=506"}],"version-history":[{"count":27,"href":"https:\/\/polyverre.com\/en\/wp-json\/wp\/v2\/pages\/506\/revisions"}],"predecessor-version":[{"id":1240,"href":"https:\/\/polyverre.com\/en\/wp-json\/wp\/v2\/pages\/506\/revisions\/1240"}],"wp:attachment":[{"href":"https:\/\/polyverre.com\/en\/wp-json\/wp\/v2\/media?parent=506"}],"curies":[{"name":"wp","href":"https:\/\/api.w.org\/{rel}","templated":true}]}}