{"id":125,"date":"2025-05-02T18:00:04","date_gmt":"2025-05-02T16:00:04","guid":{"rendered":"https:\/\/polyverre.com\/index.php\/home\/"},"modified":"2025-05-15T14:42:38","modified_gmt":"2025-05-15T12:42:38","slug":"home","status":"publish","type":"page","link":"https:\/\/polyverre.com\/en\/","title":{"rendered":"Home"},"content":{"rendered":"<div data-elementor-type=\"wp-post\" data-elementor-id=\"125\" class=\"elementor elementor-125\">\n\t\t\t\t<div class=\"elementor-element elementor-element-094be62 e-flex e-con-boxed e-con e-parent\" data-id=\"094be62\" data-element_type=\"container\" id=\"services\" data-settings=\"{&quot;background_background&quot;:&quot;classic&quot;}\">\n\t\t\t\t\t<div class=\"e-con-inner\">\n\t\t<div class=\"elementor-element elementor-element-03016dc e-con-full e-flex e-con e-child\" data-id=\"03016dc\" data-element_type=\"container\">\n\t\t\t\t<div class=\"elementor-element elementor-element-8bd1717 elementor-widget elementor-widget-image\" data-id=\"8bd1717\" data-element_type=\"widget\" data-widget_type=\"image.default\">\n\t\t\t\t<div class=\"elementor-widget-container\">\n\t\t\t\t\t\t\t\t\t\t\t\t\t\t\t<img fetchpriority=\"high\" decoding=\"async\" width=\"768\" height=\"188\" src=\"https:\/\/polyverre.com\/wp-content\/uploads\/2025\/05\/Logo-Polyverre-retravaille-final-sans-fond.svg\" class=\"attachment-medium_large size-medium_large wp-image-1169\" alt=\"\" \/>\t\t\t\t\t\t\t\t\t\t\t\t\t\t\t<\/div>\n\t\t\t\t<\/div>\n\t\t\t\t<div class=\"elementor-element elementor-element-431bb09 elementor-widget elementor-widget-heading\" data-id=\"431bb09\" data-element_type=\"widget\" data-widget_type=\"heading.default\">\n\t\t\t\t<div class=\"elementor-widget-container\">\n\t\t\t\t\t<h4 class=\"elementor-heading-title elementor-size-default\">Specialist in high-end polishing for luxury bottles - Made in Normandy - France.<\/h4>\t\t\t\t<\/div>\n\t\t\t\t<\/div>\n\t\t\t\t<div class=\"elementor-element elementor-element-8a045e8 elementor-view-default elementor-widget elementor-widget-icon\" data-id=\"8a045e8\" data-element_type=\"widget\" data-widget_type=\"icon.default\">\n\t\t\t\t<div class=\"elementor-widget-container\">\n\t\t\t\t\t\t\t<div class=\"elementor-icon-wrapper\">\n\t\t\t<div class=\"elementor-icon\">\n\t\t\t<svg aria-hidden=\"true\" class=\"e-font-icon-svg e-fas-long-arrow-alt-down\" viewbox=\"0 0 256 512\" xmlns=\"http:\/\/www.w3.org\/2000\/svg\"><path d=\"M168 345.941V44c0-6.627-5.373-12-12-12h-56c-6.627 0-12 5.373-12 12v301.941H41.941c-21.382 0-32.09 25.851-16.971 40.971l86.059 86.059c9.373 9.373 24.569 9.373 33.941 0l86.059-86.059c15.119-15.119 4.411-40.971-16.971-40.971H168z\"><\/path><\/svg>\t\t\t<\/div>\n\t\t<\/div>\n\t\t\t\t\t\t<\/div>\n\t\t\t\t<\/div>\n\t\t\t\t<\/div>\n\t\t\t\t\t<\/div>\n\t\t\t\t<\/div>\n\t\t<div class=\"elementor-element elementor-element-d86f416 e-flex e-con-boxed e-con e-parent\" data-id=\"d86f416\" data-element_type=\"container\" id=\"apropos\">\n\t\t\t\t\t<div class=\"e-con-inner\">\n\t\t<div class=\"elementor-element elementor-element-e2a66dd e-con-full e-flex e-con e-child\" data-id=\"e2a66dd\" data-element_type=\"container\">\n\t\t\t\t<div class=\"elementor-element elementor-element-93fdd5c elementor-widget elementor-widget-heading\" data-id=\"93fdd5c\" data-element_type=\"widget\" data-widget_type=\"heading.default\">\n\t\t\t\t<div class=\"elementor-widget-container\">\n\t\t\t\t\t<h2 class=\"elementor-heading-title elementor-size-default\">Who are we ?<\/h2>\t\t\t\t<\/div>\n\t\t\t\t<\/div>\n\t\t\t\t<div class=\"elementor-element elementor-element-84ebbb0 elementor-widget elementor-widget-text-editor\" data-id=\"84ebbb0\" data-element_type=\"widget\" data-widget_type=\"text-editor.default\">\n\t\t\t\t<div class=\"elementor-widget-container\">\n\t\t\t\t\t\t\t\t\t<p>Located in Normandy, in the heart of the Glass Valley, POLYVERRE has been a recognized player in high-end bottling for over 10 years. We combine traditional expertise with industrial productivity to meet the requirements of the most prestigious glassmakers and luxury houses in France and abroad.<\/p>\t\t\t\t\t\t\t\t<\/div>\n\t\t\t\t<\/div>\n\t\t\t\t<div class=\"elementor-element elementor-element-3a49ba8 elementor-align-center elementor-widget elementor-widget-button\" data-id=\"3a49ba8\" data-element_type=\"widget\" data-widget_type=\"button.default\">\n\t\t\t\t<div class=\"elementor-widget-container\">\n\t\t\t\t\t\t\t\t\t<div class=\"elementor-button-wrapper\">\n\t\t\t\t\t<a class=\"elementor-button elementor-button-link elementor-size-sm\" href=\"https:\/\/polyverre.com\/en\/about\/\">\n\t\t\t\t\t\t<span class=\"elementor-button-content-wrapper\">\n\t\t\t\t\t\t\t\t\t<span class=\"elementor-button-text\">About POLYVERRE<\/span>\n\t\t\t\t\t<\/span>\n\t\t\t\t\t<\/a>\n\t\t\t\t<\/div>\n\t\t\t\t\t\t\t\t<\/div>\n\t\t\t\t<\/div>\n\t\t\t\t<\/div>\n\t\t\t\t\t<\/div>\n\t\t\t\t<\/div>\n\t\t<div class=\"elementor-element elementor-element-dae2285 e-flex e-con-boxed e-con e-parent\" data-id=\"dae2285\" data-element_type=\"container\" data-settings=\"{&quot;background_background&quot;:&quot;classic&quot;}\">\n\t\t\t\t\t<div class=\"e-con-inner\">\n\t\t<div class=\"elementor-element elementor-element-1cc0575 e-con-full e-flex e-con e-child\" data-id=\"1cc0575\" data-element_type=\"container\">\n\t\t\t\t<div class=\"elementor-element elementor-element-be32a2f elementor-widget elementor-widget-heading\" data-id=\"be32a2f\" data-element_type=\"widget\" data-widget_type=\"heading.default\">\n\t\t\t\t<div class=\"elementor-widget-container\">\n\t\t\t\t\t<h5 class=\"elementor-heading-title elementor-size-default\">Based in Normandy, in the heart of the glass Valley<\/h5>\t\t\t\t<\/div>\n\t\t\t\t<\/div>\n\t\t\t\t<div class=\"elementor-element elementor-element-30da512 elementor-widget elementor-widget-heading\" data-id=\"30da512\" data-element_type=\"widget\" data-widget_type=\"heading.default\">\n\t\t\t\t<div class=\"elementor-widget-container\">\n\t\t\t\t\t<h3 class=\"elementor-heading-title elementor-size-default\">A unique know-how <br>in the world of luxury glass <\/h3>\t\t\t\t<\/div>\n\t\t\t\t<\/div>\n\t\t\t\t<div class=\"elementor-element elementor-element-d00ddeb elementor-widget-divider--view-line elementor-widget elementor-widget-divider\" data-id=\"d00ddeb\" data-element_type=\"widget\" data-widget_type=\"divider.default\">\n\t\t\t\t<div class=\"elementor-widget-container\">\n\t\t\t\t\t\t\t<div class=\"elementor-divider\">\n\t\t\t<span class=\"elementor-divider-separator\">\n\t\t\t\t\t\t<\/span>\n\t\t<\/div>\n\t\t\t\t\t\t<\/div>\n\t\t\t\t<\/div>\n\t\t\t\t<div class=\"elementor-element elementor-element-c2b1ea4 elementor-widget elementor-widget-image-box\" data-id=\"c2b1ea4\" data-element_type=\"widget\" data-widget_type=\"image-box.default\">\n\t\t\t\t<div class=\"elementor-widget-container\">\n\t\t\t\t\t<div class=\"elementor-image-box-wrapper\"><div class=\"elementor-image-box-content\"><h4 class=\"elementor-image-box-title\">Meeting the most demanding requirements<\/h4><p class=\"elementor-image-box-description\">POLYVERRE is a benchmark in the world of luxury, thanks to a decade of experience working for the most prestigious brands ...<\/p><\/div><\/div>\t\t\t\t<\/div>\n\t\t\t\t<\/div>\n\t\t\t\t<div class=\"elementor-element elementor-element-421d9aa elementor-widget-divider--view-line elementor-widget elementor-widget-divider\" data-id=\"421d9aa\" data-element_type=\"widget\" data-widget_type=\"divider.default\">\n\t\t\t\t<div class=\"elementor-widget-container\">\n\t\t\t\t\t\t\t<div class=\"elementor-divider\">\n\t\t\t<span class=\"elementor-divider-separator\">\n\t\t\t\t\t\t<\/span>\n\t\t<\/div>\n\t\t\t\t\t\t<\/div>\n\t\t\t\t<\/div>\n\t\t\t\t<div class=\"elementor-element elementor-element-4314198 elementor-widget elementor-widget-image-box\" data-id=\"4314198\" data-element_type=\"widget\" data-widget_type=\"image-box.default\">\n\t\t\t\t<div class=\"elementor-widget-container\">\n\t\t\t\t\t<div class=\"elementor-image-box-wrapper\"><div class=\"elementor-image-box-content\"><h4 class=\"elementor-image-box-title\">An ongoing commitment to excellence<\/h4><p class=\"elementor-image-box-description\">Each creation is the fruit of expertise acquired over the long term and attention to detail ...<\/p><\/div><\/div>\t\t\t\t<\/div>\n\t\t\t\t<\/div>\n\t\t\t\t<div class=\"elementor-element elementor-element-0fd6a21 elementor-widget-divider--view-line elementor-widget elementor-widget-divider\" data-id=\"0fd6a21\" data-element_type=\"widget\" data-widget_type=\"divider.default\">\n\t\t\t\t<div class=\"elementor-widget-container\">\n\t\t\t\t\t\t\t<div class=\"elementor-divider\">\n\t\t\t<span class=\"elementor-divider-separator\">\n\t\t\t\t\t\t<\/span>\n\t\t<\/div>\n\t\t\t\t\t\t<\/div>\n\t\t\t\t<\/div>\n\t\t\t\t<div class=\"elementor-element elementor-element-da7fbf2 elementor-widget elementor-widget-image-box\" data-id=\"da7fbf2\" data-element_type=\"widget\" data-widget_type=\"image-box.default\">\n\t\t\t\t<div class=\"elementor-widget-container\">\n\t\t\t\t\t<div class=\"elementor-image-box-wrapper\"><div class=\"elementor-image-box-content\"><h4 class=\"elementor-image-box-title\">Craftsmanship combined with industrial capacity<\/h4><p class=\"elementor-image-box-description\">Our business is based on unique know-how nurtured by the excellence of French craftsmanship.  However, our glassmakers rely on first-rate machinery to meet production and constant quality requirements ...<\/p><\/div><\/div>\t\t\t\t<\/div>\n\t\t\t\t<\/div>\n\t\t\t\t<\/div>\n\t\t<div class=\"elementor-element elementor-element-2f4db7f e-con-full e-flex e-con e-child\" data-id=\"2f4db7f\" data-element_type=\"container\">\n\t\t\t\t<div class=\"elementor-element elementor-element-9d60f4d elementor-widget elementor-widget-heading\" data-id=\"9d60f4d\" data-element_type=\"widget\" data-widget_type=\"heading.default\">\n\t\t\t\t<div class=\"elementor-widget-container\">\n\t\t\t\t\t<h2 class=\"elementor-heading-title elementor-size-default\">POLYVERRE is the partner of the most beautiful creations: ennobling, dimensional correction, glass repair.<\/h2>\t\t\t\t<\/div>\n\t\t\t\t<\/div>\n\t\t\t\t<\/div>\n\t\t\t\t\t<\/div>\n\t\t\t\t<\/div>\n\t\t<div class=\"elementor-element elementor-element-fc1c9ac e-flex e-con-boxed e-con e-parent\" data-id=\"fc1c9ac\" data-element_type=\"container\" id=\"savoirfaire\">\n\t\t\t\t\t<div class=\"e-con-inner\">\n\t\t<div class=\"elementor-element elementor-element-688a7e5 e-con-full e-flex e-con e-child\" data-id=\"688a7e5\" data-element_type=\"container\">\n\t\t\t\t<div class=\"elementor-element elementor-element-ca5e889 elementor-widget elementor-widget-heading\" data-id=\"ca5e889\" data-element_type=\"widget\" data-widget_type=\"heading.default\">\n\t\t\t\t<div class=\"elementor-widget-container\">\n\t\t\t\t\t<h2 class=\"elementor-heading-title elementor-size-default\">Our know-how<\/h2>\t\t\t\t<\/div>\n\t\t\t\t<\/div>\n\t\t<div class=\"elementor-element elementor-element-8e68b1a e-flex e-con-boxed e-con e-child\" data-id=\"8e68b1a\" data-element_type=\"container\">\n\t\t\t\t\t<div class=\"e-con-inner\">\n\t\t\t\t<div class=\"elementor-element elementor-element-c026ea0 elementor-widget__width-initial elementor-widget-mobile__width-inherit elementor-position-top elementor-widget elementor-widget-image-box\" data-id=\"c026ea0\" data-element_type=\"widget\" data-widget_type=\"image-box.default\">\n\t\t\t\t<div class=\"elementor-widget-container\">\n\t\t\t\t\t<div class=\"elementor-image-box-wrapper\"><figure class=\"elementor-image-box-img\"><img decoding=\"async\" width=\"1500\" height=\"1500\" src=\"https:\/\/polyverre.com\/wp-content\/uploads\/2025\/05\/TRONCON-CARRE.jpg\" class=\"attachment-full size-full wp-image-1231\" alt=\"\" srcset=\"https:\/\/polyverre.com\/wp-content\/uploads\/2025\/05\/TRONCON-CARRE.jpg 1500w, https:\/\/polyverre.com\/wp-content\/uploads\/2025\/05\/TRONCON-CARRE-300x300.jpg 300w, https:\/\/polyverre.com\/wp-content\/uploads\/2025\/05\/TRONCON-CARRE-1024x1024.jpg 1024w, https:\/\/polyverre.com\/wp-content\/uploads\/2025\/05\/TRONCON-CARRE-150x150.jpg 150w, https:\/\/polyverre.com\/wp-content\/uploads\/2025\/05\/TRONCON-CARRE-768x768.jpg 768w\" sizes=\"(max-width: 1500px) 100vw, 1500px\" \/><\/figure><div class=\"elementor-image-box-content\"><h4 class=\"elementor-image-box-title\">Cutting<\/h4><p class=\"elementor-image-box-description\">Precise cutting to remove part of the glass or reduce its thickness.<\/p><\/div><\/div>\t\t\t\t<\/div>\n\t\t\t\t<\/div>\n\t\t\t\t<div class=\"elementor-element elementor-element-54a554f elementor-widget__width-initial elementor-widget-mobile__width-inherit elementor-position-top elementor-widget elementor-widget-image-box\" data-id=\"54a554f\" data-element_type=\"widget\" data-widget_type=\"image-box.default\">\n\t\t\t\t<div class=\"elementor-widget-container\">\n\t\t\t\t\t<div class=\"elementor-image-box-wrapper\"><figure class=\"elementor-image-box-img\"><img decoding=\"async\" width=\"1500\" height=\"1500\" src=\"https:\/\/polyverre.com\/wp-content\/uploads\/2025\/05\/POLISSAGE-CARRE.jpg\" class=\"attachment-full size-full wp-image-1230\" alt=\"\" srcset=\"https:\/\/polyverre.com\/wp-content\/uploads\/2025\/05\/POLISSAGE-CARRE.jpg 1500w, https:\/\/polyverre.com\/wp-content\/uploads\/2025\/05\/POLISSAGE-CARRE-300x300.jpg 300w, https:\/\/polyverre.com\/wp-content\/uploads\/2025\/05\/POLISSAGE-CARRE-1024x1024.jpg 1024w, https:\/\/polyverre.com\/wp-content\/uploads\/2025\/05\/POLISSAGE-CARRE-150x150.jpg 150w, https:\/\/polyverre.com\/wp-content\/uploads\/2025\/05\/POLISSAGE-CARRE-768x768.jpg 768w\" sizes=\"(max-width: 1500px) 100vw, 1500px\" \/><\/figure><div class=\"elementor-image-box-content\"><h4 class=\"elementor-image-box-title\">Trimming\/polishing<\/h4><p class=\"elementor-image-box-description\">After careful reshaping, restores the glass surface to its original brilliance and perfection.<\/p><\/div><\/div>\t\t\t\t<\/div>\n\t\t\t\t<\/div>\n\t\t\t\t<div class=\"elementor-element elementor-element-446febe elementor-widget__width-initial elementor-widget-mobile__width-inherit elementor-position-top elementor-widget elementor-widget-image-box\" data-id=\"446febe\" data-element_type=\"widget\" data-widget_type=\"image-box.default\">\n\t\t\t\t<div class=\"elementor-widget-container\">\n\t\t\t\t\t<div class=\"elementor-image-box-wrapper\"><figure class=\"elementor-image-box-img\"><img loading=\"lazy\" decoding=\"async\" width=\"1500\" height=\"1500\" src=\"https:\/\/polyverre.com\/wp-content\/uploads\/2025\/05\/BUFFLE-CARRE.jpg\" class=\"attachment-full size-full wp-image-1227\" alt=\"\" srcset=\"https:\/\/polyverre.com\/wp-content\/uploads\/2025\/05\/BUFFLE-CARRE.jpg 1500w, https:\/\/polyverre.com\/wp-content\/uploads\/2025\/05\/BUFFLE-CARRE-300x300.jpg 300w, https:\/\/polyverre.com\/wp-content\/uploads\/2025\/05\/BUFFLE-CARRE-1024x1024.jpg 1024w, https:\/\/polyverre.com\/wp-content\/uploads\/2025\/05\/BUFFLE-CARRE-150x150.jpg 150w, https:\/\/polyverre.com\/wp-content\/uploads\/2025\/05\/BUFFLE-CARRE-768x768.jpg 768w\" sizes=\"(max-width: 1500px) 100vw, 1500px\" \/><\/figure><div class=\"elementor-image-box-content\"><h4 class=\"elementor-image-box-title\">Buffing<\/h4><p class=\"elementor-image-box-description\">Removal of visual defects such as scratches, marks or damaged decoration, the bottle is brought back to new.<\/p><\/div><\/div>\t\t\t\t<\/div>\n\t\t\t\t<\/div>\n\t\t\t\t<div class=\"elementor-element elementor-element-5e1c25f elementor-widget__width-initial elementor-widget-mobile__width-inherit elementor-position-top elementor-widget elementor-widget-image-box\" data-id=\"5e1c25f\" data-element_type=\"widget\" data-widget_type=\"image-box.default\">\n\t\t\t\t<div class=\"elementor-widget-container\">\n\t\t\t\t\t<div class=\"elementor-image-box-wrapper\"><figure class=\"elementor-image-box-img\"><img loading=\"lazy\" decoding=\"async\" width=\"1500\" height=\"1500\" src=\"https:\/\/polyverre.com\/wp-content\/uploads\/2025\/05\/PERCAGE-CARRE.jpg\" class=\"attachment-full size-full wp-image-1228\" alt=\"\" srcset=\"https:\/\/polyverre.com\/wp-content\/uploads\/2025\/05\/PERCAGE-CARRE.jpg 1500w, https:\/\/polyverre.com\/wp-content\/uploads\/2025\/05\/PERCAGE-CARRE-300x300.jpg 300w, https:\/\/polyverre.com\/wp-content\/uploads\/2025\/05\/PERCAGE-CARRE-1024x1024.jpg 1024w\" sizes=\"(max-width: 1500px) 100vw, 1500px\" \/><\/figure><div class=\"elementor-image-box-content\"><h4 class=\"elementor-image-box-title\">Drilling\/<br>honing<\/h4><p class=\"elementor-image-box-description\">Internal adjustment of bottle necks to ensure a perfect fit with the cap.<\/p><\/div><\/div>\t\t\t\t<\/div>\n\t\t\t\t<\/div>\n\t\t\t\t<div class=\"elementor-element elementor-element-209969d elementor-widget__width-initial elementor-widget-mobile__width-inherit elementor-position-top elementor-widget elementor-widget-image-box\" data-id=\"209969d\" data-element_type=\"widget\" data-widget_type=\"image-box.default\">\n\t\t\t\t<div class=\"elementor-widget-container\">\n\t\t\t\t\t<div class=\"elementor-image-box-wrapper\"><figure class=\"elementor-image-box-img\"><img loading=\"lazy\" decoding=\"async\" width=\"1500\" height=\"1500\" src=\"https:\/\/polyverre.com\/wp-content\/uploads\/2025\/05\/PLASTEMERIE-CARRE.jpg\" class=\"attachment-full size-full wp-image-1229\" alt=\"\" srcset=\"https:\/\/polyverre.com\/wp-content\/uploads\/2025\/05\/PLASTEMERIE-CARRE.jpg 1500w, https:\/\/polyverre.com\/wp-content\/uploads\/2025\/05\/PLASTEMERIE-CARRE-300x300.jpg 300w, https:\/\/polyverre.com\/wp-content\/uploads\/2025\/05\/PLASTEMERIE-CARRE-1024x1024.jpg 1024w, https:\/\/polyverre.com\/wp-content\/uploads\/2025\/05\/PLASTEMERIE-CARRE-150x150.jpg 150w, https:\/\/polyverre.com\/wp-content\/uploads\/2025\/05\/PLASTEMERIE-CARRE-768x768.jpg 768w\" sizes=\"(max-width: 1500px) 100vw, 1500px\" \/><\/figure><div class=\"elementor-image-box-content\"><h4 class=\"elementor-image-box-title\">Plastring\/<br>plastic coating<\/h4><p class=\"elementor-image-box-description\">Polymer injection for optimum sealing around the cap plug.<\/p><\/div><\/div>\t\t\t\t<\/div>\n\t\t\t\t<\/div>\n\t\t\t\t\t<\/div>\n\t\t\t\t<\/div>\n\t\t\t\t<div class=\"elementor-element elementor-element-9afb4c4 elementor-align-center elementor-widget elementor-widget-button\" data-id=\"9afb4c4\" data-element_type=\"widget\" data-widget_type=\"button.default\">\n\t\t\t\t<div class=\"elementor-widget-container\">\n\t\t\t\t\t\t\t\t\t<div class=\"elementor-button-wrapper\">\n\t\t\t\t\t<a class=\"elementor-button elementor-button-link elementor-size-sm\" href=\"https:\/\/polyverre.com\/en\/services\/\">\n\t\t\t\t\t\t<span class=\"elementor-button-content-wrapper\">\n\t\t\t\t\t\t\t\t\t<span class=\"elementor-button-text\">Know-how<\/span>\n\t\t\t\t\t<\/span>\n\t\t\t\t\t<\/a>\n\t\t\t\t<\/div>\n\t\t\t\t\t\t\t\t<\/div>\n\t\t\t\t<\/div>\n\t\t\t\t<\/div>\n\t\t\t\t\t<\/div>\n\t\t\t\t<\/div>\n\t\t<div class=\"elementor-element elementor-element-19f73d5 e-flex e-con-boxed e-con e-parent\" data-id=\"19f73d5\" data-element_type=\"container\" data-settings=\"{&quot;background_background&quot;:&quot;classic&quot;}\">\n\t\t\t\t\t<div class=\"e-con-inner\">\n\t\t<div class=\"elementor-element elementor-element-6eb36f3 e-con-full e-flex e-con e-child\" data-id=\"6eb36f3\" data-element_type=\"container\">\n\t\t\t\t<div class=\"elementor-element elementor-element-43edbc6 elementor-widget elementor-widget-heading\" data-id=\"43edbc6\" data-element_type=\"widget\" data-widget_type=\"heading.default\">\n\t\t\t\t<div class=\"elementor-widget-container\">\n\t\t\t\t\t<h3 class=\"elementor-heading-title elementor-size-default\">Contact our team, we're ready to answer.<\/h3>\t\t\t\t<\/div>\n\t\t\t\t<\/div>\n\t\t\t\t<\/div>\n\t\t<div class=\"elementor-element elementor-element-5ca044e e-con-full e-flex e-con e-child\" data-id=\"5ca044e\" data-element_type=\"container\">\n\t\t\t\t<div class=\"elementor-element elementor-element-fc3825c elementor-align-right elementor-mobile-align-center elementor-widget elementor-widget-button\" data-id=\"fc3825c\" data-element_type=\"widget\" data-widget_type=\"button.default\">\n\t\t\t\t<div class=\"elementor-widget-container\">\n\t\t\t\t\t\t\t\t\t<div class=\"elementor-button-wrapper\">\n\t\t\t\t\t<a class=\"elementor-button elementor-button-link elementor-size-sm\" href=\"https:\/\/polyverre.com\/en\/contact\/\">\n\t\t\t\t\t\t<span class=\"elementor-button-content-wrapper\">\n\t\t\t\t\t\t\t\t\t<span class=\"elementor-button-text\">A project ?<\/span>\n\t\t\t\t\t<\/span>\n\t\t\t\t\t<\/a>\n\t\t\t\t<\/div>\n\t\t\t\t\t\t\t\t<\/div>\n\t\t\t\t<\/div>\n\t\t\t\t<\/div>\n\t\t\t\t\t<\/div>\n\t\t\t\t<\/div>\n\t\t<div class=\"elementor-element elementor-element-37e88e3 e-flex e-con-boxed e-con e-parent\" data-id=\"37e88e3\" data-element_type=\"container\">\n\t\t\t\t\t<div class=\"e-con-inner\">\n\t\t\t\t<div class=\"elementor-element elementor-element-16fedea elementor-widget elementor-widget-google_maps\" data-id=\"16fedea\" data-element_type=\"widget\" data-widget_type=\"google_maps.default\">\n\t\t\t\t<div class=\"elementor-widget-container\">\n\t\t\t\t\t\t\t<div class=\"elementor-custom-embed\">\n\t\t\t<iframe loading=\"lazy\"\n\t\t\t\t\tsrc=\"https:\/\/maps.google.com\/maps?q=polyverre%20incheville&#038;t=m&#038;z=9&#038;output=embed&#038;iwloc=near\"\n\t\t\t\t\ttitle=\"polyverre incheville\"\n\t\t\t\t\taria-label=\"polyverre incheville\"\n\t\t\t><\/iframe>\n\t\t<\/div>\n\t\t\t\t\t\t<\/div>\n\t\t\t\t<\/div>\n\t\t\t\t\t<\/div>\n\t\t\t\t<\/div>\n\t\t<div class=\"elementor-element elementor-element-8c0f4ed e-flex e-con-boxed e-con e-parent\" data-id=\"8c0f4ed\" data-element_type=\"container\">\n\t\t\t\t\t<div class=\"e-con-inner\">\n\t\t\t\t<div class=\"elementor-element elementor-element-976542b elementor-widget elementor-widget-text-editor\" data-id=\"976542b\" data-element_type=\"widget\" data-widget_type=\"text-editor.default\">\n\t\t\t\t<div class=\"elementor-widget-container\">\n\t\t\t\t\t\t\t\t\t<p>In the heart of the Glass Valley, the POLYVERRE workshop has been established for over 10 years in Incheville at 1A rue Pasteur.<\/p>\t\t\t\t\t\t\t\t<\/div>\n\t\t\t\t<\/div>\n\t\t\t\t\t<\/div>\n\t\t\t\t<\/div>\n\t\t\t\t<\/div>","protected":false},"excerpt":{"rendered":"<p>Sp\u00e9cialiste du polissage haut de gamme pour le flaconnage de luxe \u2013 Made in Normandie. Qui sommes-nous ? Implant\u00e9e en Normandie, au c\u0153ur de la Glass Vall\u00e9e, POLYVERRE s\u2019est impos\u00e9e comme un acteur reconnu du flaconnage haut de gamme depuis plus de 10 ans. Nous conjuguons expertise artisanale et productivit\u00e9 industrielle pour r\u00e9pondre aux exigences [&hellip;]<\/p>","protected":false},"author":1,"featured_media":0,"parent":0,"menu_order":0,"comment_status":"closed","ping_status":"closed","template":"","meta":{"site-sidebar-layout":"no-sidebar","site-content-layout":"page-builder","ast-site-content-layout":"full-width-container","site-content-style":"unboxed","site-sidebar-style":"unboxed","ast-global-header-display":"","ast-banner-title-visibility":"","ast-main-header-display":"","ast-hfb-above-header-display":"","ast-hfb-below-header-display":"","ast-hfb-mobile-header-display":"","site-post-title":"disabled","ast-breadcrumbs-content":"","ast-featured-img":"disabled","footer-sml-layout":"","theme-transparent-header-meta":"enabled","adv-header-id-meta":"","stick-header-meta":"","header-above-stick-meta":"","header-main-stick-meta":"","header-below-stick-meta":"","astra-migrate-meta-layouts":"set","ast-page-background-enabled":"default","ast-page-background-meta":{"desktop":{"background-color":"","background-image":"","background-repeat":"repeat","background-position":"center center","background-size":"auto","background-attachment":"scroll","background-type":"","background-media":"","overlay-type":"","overlay-color":"","overlay-opacity":"","overlay-gradient":""},"tablet":{"background-color":"","background-image":"","background-repeat":"repeat","background-position":"center center","background-size":"auto","background-attachment":"scroll","background-type":"","background-media":"","overlay-type":"","overlay-color":"","overlay-opacity":"","overlay-gradient":""},"mobile":{"background-color":"","background-image":"","background-repeat":"repeat","background-position":"center center","background-size":"auto","background-attachment":"scroll","background-type":"","background-media":"","overlay-type":"","overlay-color":"","overlay-opacity":"","overlay-gradient":""}},"ast-content-background-meta":{"desktop":{"background-color":"var(--ast-global-color-5)","background-image":"","background-repeat":"repeat","background-position":"center center","background-size":"auto","background-attachment":"scroll","background-type":"","background-media":"","overlay-type":"","overlay-color":"","overlay-opacity":"","overlay-gradient":""},"tablet":{"background-color":"var(--ast-global-color-5)","background-image":"","background-repeat":"repeat","background-position":"center center","background-size":"auto","background-attachment":"scroll","background-type":"","background-media":"","overlay-type":"","overlay-color":"","overlay-opacity":"","overlay-gradient":""},"mobile":{"background-color":"var(--ast-global-color-5)","background-image":"","background-repeat":"repeat","background-position":"center center","background-size":"auto","background-attachment":"scroll","background-type":"","background-media":"","overlay-type":"","overlay-color":"","overlay-opacity":"","overlay-gradient":""}},"footnotes":""},"class_list":["post-125","page","type-page","status-publish","hentry"],"_links":{"self":[{"href":"https:\/\/polyverre.com\/en\/wp-json\/wp\/v2\/pages\/125","targetHints":{"allow":["GET"]}}],"collection":[{"href":"https:\/\/polyverre.com\/en\/wp-json\/wp\/v2\/pages"}],"about":[{"href":"https:\/\/polyverre.com\/en\/wp-json\/wp\/v2\/types\/page"}],"author":[{"embeddable":true,"href":"https:\/\/polyverre.com\/en\/wp-json\/wp\/v2\/users\/1"}],"replies":[{"embeddable":true,"href":"https:\/\/polyverre.com\/en\/wp-json\/wp\/v2\/comments?post=125"}],"version-history":[{"count":99,"href":"https:\/\/polyverre.com\/en\/wp-json\/wp\/v2\/pages\/125\/revisions"}],"predecessor-version":[{"id":1258,"href":"https:\/\/polyverre.com\/en\/wp-json\/wp\/v2\/pages\/125\/revisions\/1258"}],"wp:attachment":[{"href":"https:\/\/polyverre.com\/en\/wp-json\/wp\/v2\/media?parent=125"}],"curies":[{"name":"wp","href":"https:\/\/api.w.org\/{rel}","templated":true}]}}